{"id":657,"date":"2025-12-27T09:38:27","date_gmt":"2025-12-27T08:38:27","guid":{"rendered":"https:\/\/fliesendekor.com\/?post_type=product&#038;p=657"},"modified":"2025-12-31T16:41:08","modified_gmt":"2025-12-31T15:41:08","slug":"en-ultracolor-plus-fugenmoertel","status":"publish","type":"product","link":"https:\/\/fliesendekor.com\/en\/product\/en-ultracolor-plus-fugenmoertel\/","title":{"rendered":"ULTRACOLOR PLUS Fugenm\u00f6rtel"},"content":{"rendered":"","protected":false},"excerpt":{"rendered":"","protected":false},"featured_media":659,"template":"","meta":{"inline_featured_image":false},"product_brand":[],"product_cat":[23],"product_tag":[],"class_list":{"0":"post-657","1":"product","2":"type-product","3":"status-publish","4":"has-post-thumbnail","6":"product_cat-mapei-produkte","8":"first","9":"instock","10":"taxable","11":"shipping-taxable","12":"purchasable","13":"product-type-simple"},"acf":[],"yoast_head":"<!-- This site is optimized with the Yoast SEO plugin v26.6 - https:\/\/yoast.com\/wordpress\/plugins\/seo\/ -->\n<title>ULTRACOLOR PLUS Fugenm\u00f6rtel \u2013 Buy at Best Price | Vienna, Austria<\/title>\n<meta name=\"description\" content=\"Buy ULTRACOLOR PLUS Fugenm\u00f6rtel tiles at Fliesen &amp; Dekor in Vienna. Large assortment, high quality materials and professional consultation.\" \/>\n<meta name=\"robots\" content=\"index, follow, max-snippet:-1, max-image-preview:large, max-video-preview:-1\" \/>\n<link rel=\"canonical\" href=\"https:\/\/fliesendekor.com\/en\/wp-json\/wp\/v2\/product\/657\" \/>\n<meta property=\"og:locale\" content=\"en_US\" \/>\n<meta property=\"og:type\" content=\"article\" \/>\n<meta property=\"og:title\" content=\"[:de] ULTRACOLOR PLUS Fugenm\u00f6rtel \u2013 zum besten Preis kaufen | Wien, \u00d6sterreich [:en] ULTRACOLOR PLUS Fugenm\u00f6rtel \u2013 Buy at Best Price | Vienna, Austria\" \/>\n<meta property=\"og:description\" content=\"[:de]Kaufen Sie ULTRACOLOR PLUS Fugenm\u00f6rtel Fliesen bei Fliesen &amp; Dekor in Wien. Gro\u00dfe Auswahl, hochwertige Materialien und professionelle Beratung. [:en]Buy ULTRACOLOR PLUS Fugenm\u00f6rtel tiles at Fliesen &amp; Dekor in Vienna. Large assortment, high quality materials and professional consultation.\" \/>\n<meta property=\"og:url\" content=\"https:\/\/fliesendekor.com\/product\/en-ultracolor-plus-fugenmoertel\/\" \/>\n<meta property=\"og:site_name\" content=\"Fliesen&amp;Dekor\" \/>\n<meta property=\"article:modified_time\" content=\"2025-12-31T15:41:08+00:00\" \/>\n<meta property=\"og:image\" content=\"https:\/\/fliesendekor.com\/wp-content\/uploads\/2025\/12\/mapei-ultracolor-plus-fugenmoertel-farbig-5-kg-flexfuge-ohne-ausbluehen-schnell-trocknend.webp\" \/>\n\t<meta property=\"og:image:width\" content=\"1500\" \/>\n\t<meta property=\"og:image:height\" content=\"1500\" \/>\n\t<meta property=\"og:image:type\" content=\"image\/webp\" \/>\n<meta name=\"twitter:card\" content=\"summary_large_image\" \/>\n<meta name=\"twitter:label1\" content=\"Est. reading time\" \/>\n\t<meta name=\"twitter:data1\" content=\"1 minute\" \/>\n<script type=\"application\/ld+json\" class=\"yoast-schema-graph\">{\"@context\":\"https:\/\/schema.org\",\"@graph\":[{\"@type\":\"WebPage\",\"@id\":\"https:\/\/fliesendekor.com\/product\/en-ultracolor-plus-fugenmoertel\/\",\"url\":\"https:\/\/fliesendekor.com\/product\/en-ultracolor-plus-fugenmoertel\/\",\"name\":\"[:de] ULTRACOLOR PLUS Fugenm\u00f6rtel \u2013 zum besten Preis kaufen | Wien, \u00d6sterreich [:en] ULTRACOLOR PLUS Fugenm\u00f6rtel \u2013 Buy at Best Price | Vienna, Austria\",\"isPartOf\":{\"@id\":\"https:\/\/fliesendekor.com\/#website\"},\"primaryImageOfPage\":{\"@id\":\"https:\/\/fliesendekor.com\/product\/en-ultracolor-plus-fugenmoertel\/#primaryimage\"},\"image\":{\"@id\":\"https:\/\/fliesendekor.com\/product\/en-ultracolor-plus-fugenmoertel\/#primaryimage\"},\"thumbnailUrl\":\"https:\/\/fliesendekor.com\/wp-content\/uploads\/2025\/12\/mapei-ultracolor-plus-fugenmoertel-farbig-5-kg-flexfuge-ohne-ausbluehen-schnell-trocknend.webp\",\"datePublished\":\"2025-12-27T08:38:27+00:00\",\"dateModified\":\"2025-12-31T15:41:08+00:00\",\"description\":\"[:de]Kaufen Sie ULTRACOLOR PLUS Fugenm\u00f6rtel Fliesen bei Fliesen & Dekor in Wien. Gro\u00dfe Auswahl, hochwertige Materialien und professionelle Beratung. [:en]Buy ULTRACOLOR PLUS Fugenm\u00f6rtel tiles at Fliesen & Dekor in Vienna. Large assortment, high quality materials and professional consultation.\",\"breadcrumb\":{\"@id\":\"https:\/\/fliesendekor.com\/product\/en-ultracolor-plus-fugenmoertel\/#breadcrumb\"},\"inLanguage\":\"en-US\",\"potentialAction\":[{\"@type\":\"ReadAction\",\"target\":[\"https:\/\/fliesendekor.com\/product\/en-ultracolor-plus-fugenmoertel\/\"]}]},{\"@type\":\"ImageObject\",\"inLanguage\":\"en-US\",\"@id\":\"https:\/\/fliesendekor.com\/product\/en-ultracolor-plus-fugenmoertel\/#primaryimage\",\"url\":\"https:\/\/fliesendekor.com\/wp-content\/uploads\/2025\/12\/mapei-ultracolor-plus-fugenmoertel-farbig-5-kg-flexfuge-ohne-ausbluehen-schnell-trocknend.webp\",\"contentUrl\":\"https:\/\/fliesendekor.com\/wp-content\/uploads\/2025\/12\/mapei-ultracolor-plus-fugenmoertel-farbig-5-kg-flexfuge-ohne-ausbluehen-schnell-trocknend.webp\",\"width\":1500,\"height\":1500},{\"@type\":\"BreadcrumbList\",\"@id\":\"https:\/\/fliesendekor.com\/product\/en-ultracolor-plus-fugenmoertel\/#breadcrumb\",\"itemListElement\":[{\"@type\":\"ListItem\",\"position\":1,\"name\":\"Home\",\"item\":\"https:\/\/fliesendekor.com\/\"},{\"@type\":\"ListItem\",\"position\":2,\"name\":\"Shop\",\"item\":\"https:\/\/fliesendekor.com\/shop\/\"},{\"@type\":\"ListItem\",\"position\":3,\"name\":\"ULTRACOLOR PLUS Fugenm\u00f6rtel\"}]},{\"@type\":\"WebSite\",\"@id\":\"https:\/\/fliesendekor.com\/#website\",\"url\":\"https:\/\/fliesendekor.com\/\",\"name\":\"Fliesen&amp;Dekor\",\"description\":\"\",\"potentialAction\":[{\"@type\":\"SearchAction\",\"target\":{\"@type\":\"EntryPoint\",\"urlTemplate\":\"https:\/\/fliesendekor.com\/?s={search_term_string}\"},\"query-input\":{\"@type\":\"PropertyValueSpecification\",\"valueRequired\":true,\"valueName\":\"search_term_string\"}}],\"inLanguage\":\"en-US\"}]}<\/script>\n<!-- \/ Yoast SEO plugin. -->","yoast_head_json":{"title":"ULTRACOLOR PLUS Fugenm\u00f6rtel \u2013 Buy at Best Price | Vienna, Austria","description":"Buy ULTRACOLOR PLUS Fugenm\u00f6rtel tiles at Fliesen & Dekor in Vienna. Large assortment, high quality materials and professional consultation.","robots":{"index":"index","follow":"follow","max-snippet":"max-snippet:-1","max-image-preview":"max-image-preview:large","max-video-preview":"max-video-preview:-1"},"canonical":"https:\/\/fliesendekor.com\/en\/wp-json\/wp\/v2\/product\/657","og_locale":"en_US","og_type":"article","og_title":"[:de] ULTRACOLOR PLUS Fugenm\u00f6rtel \u2013 zum besten Preis kaufen | Wien, \u00d6sterreich [:en] ULTRACOLOR PLUS Fugenm\u00f6rtel \u2013 Buy at Best Price | Vienna, Austria","og_description":"[:de]Kaufen Sie ULTRACOLOR PLUS Fugenm\u00f6rtel Fliesen bei Fliesen & Dekor in Wien. Gro\u00dfe Auswahl, hochwertige Materialien und professionelle Beratung. [:en]Buy ULTRACOLOR PLUS Fugenm\u00f6rtel tiles at Fliesen & Dekor in Vienna. Large assortment, high quality materials and professional consultation.","og_url":"https:\/\/fliesendekor.com\/product\/en-ultracolor-plus-fugenmoertel\/","og_site_name":"Fliesen&amp;Dekor","article_modified_time":"2025-12-31T15:41:08+00:00","og_image":[{"width":1500,"height":1500,"url":"https:\/\/fliesendekor.com\/wp-content\/uploads\/2025\/12\/mapei-ultracolor-plus-fugenmoertel-farbig-5-kg-flexfuge-ohne-ausbluehen-schnell-trocknend.webp","type":"image\/webp"}],"twitter_card":"summary_large_image","twitter_misc":{"Est. reading time":"1 minute"},"schema":{"@context":"https:\/\/schema.org","@graph":[{"@type":"WebPage","@id":"https:\/\/fliesendekor.com\/product\/en-ultracolor-plus-fugenmoertel\/","url":"https:\/\/fliesendekor.com\/product\/en-ultracolor-plus-fugenmoertel\/","name":"[:de] ULTRACOLOR PLUS Fugenm\u00f6rtel \u2013 zum besten Preis kaufen | Wien, \u00d6sterreich [:en] ULTRACOLOR PLUS Fugenm\u00f6rtel \u2013 Buy at Best Price | Vienna, Austria","isPartOf":{"@id":"https:\/\/fliesendekor.com\/#website"},"primaryImageOfPage":{"@id":"https:\/\/fliesendekor.com\/product\/en-ultracolor-plus-fugenmoertel\/#primaryimage"},"image":{"@id":"https:\/\/fliesendekor.com\/product\/en-ultracolor-plus-fugenmoertel\/#primaryimage"},"thumbnailUrl":"https:\/\/fliesendekor.com\/wp-content\/uploads\/2025\/12\/mapei-ultracolor-plus-fugenmoertel-farbig-5-kg-flexfuge-ohne-ausbluehen-schnell-trocknend.webp","datePublished":"2025-12-27T08:38:27+00:00","dateModified":"2025-12-31T15:41:08+00:00","description":"[:de]Kaufen Sie ULTRACOLOR PLUS Fugenm\u00f6rtel Fliesen bei Fliesen & Dekor in Wien. Gro\u00dfe Auswahl, hochwertige Materialien und professionelle Beratung. [:en]Buy ULTRACOLOR PLUS Fugenm\u00f6rtel tiles at Fliesen & Dekor in Vienna. Large assortment, high quality materials and professional consultation.","breadcrumb":{"@id":"https:\/\/fliesendekor.com\/product\/en-ultracolor-plus-fugenmoertel\/#breadcrumb"},"inLanguage":"en-US","potentialAction":[{"@type":"ReadAction","target":["https:\/\/fliesendekor.com\/product\/en-ultracolor-plus-fugenmoertel\/"]}]},{"@type":"ImageObject","inLanguage":"en-US","@id":"https:\/\/fliesendekor.com\/product\/en-ultracolor-plus-fugenmoertel\/#primaryimage","url":"https:\/\/fliesendekor.com\/wp-content\/uploads\/2025\/12\/mapei-ultracolor-plus-fugenmoertel-farbig-5-kg-flexfuge-ohne-ausbluehen-schnell-trocknend.webp","contentUrl":"https:\/\/fliesendekor.com\/wp-content\/uploads\/2025\/12\/mapei-ultracolor-plus-fugenmoertel-farbig-5-kg-flexfuge-ohne-ausbluehen-schnell-trocknend.webp","width":1500,"height":1500},{"@type":"BreadcrumbList","@id":"https:\/\/fliesendekor.com\/product\/en-ultracolor-plus-fugenmoertel\/#breadcrumb","itemListElement":[{"@type":"ListItem","position":1,"name":"Home","item":"https:\/\/fliesendekor.com\/"},{"@type":"ListItem","position":2,"name":"Shop","item":"https:\/\/fliesendekor.com\/shop\/"},{"@type":"ListItem","position":3,"name":"ULTRACOLOR PLUS Fugenm\u00f6rtel"}]},{"@type":"WebSite","@id":"https:\/\/fliesendekor.com\/#website","url":"https:\/\/fliesendekor.com\/","name":"Fliesen&amp;Dekor","description":"","potentialAction":[{"@type":"SearchAction","target":{"@type":"EntryPoint","urlTemplate":"https:\/\/fliesendekor.com\/?s={search_term_string}"},"query-input":{"@type":"PropertyValueSpecification","valueRequired":true,"valueName":"search_term_string"}}],"inLanguage":"en-US"}]}},"_links":{"self":[{"href":"https:\/\/fliesendekor.com\/en\/wp-json\/wp\/v2\/product\/657","targetHints":{"allow":["GET"]}}],"collection":[{"href":"https:\/\/fliesendekor.com\/en\/wp-json\/wp\/v2\/product"}],"about":[{"href":"https:\/\/fliesendekor.com\/en\/wp-json\/wp\/v2\/types\/product"}],"wp:featuredmedia":[{"embeddable":true,"href":"https:\/\/fliesendekor.com\/en\/wp-json\/wp\/v2\/media\/659"}],"wp:attachment":[{"href":"https:\/\/fliesendekor.com\/en\/wp-json\/wp\/v2\/media?parent=657"}],"wp:term":[{"taxonomy":"product_brand","embeddable":true,"href":"https:\/\/fliesendekor.com\/en\/wp-json\/wp\/v2\/product_brand?post=657"},{"taxonomy":"product_cat","embeddable":true,"href":"https:\/\/fliesendekor.com\/en\/wp-json\/wp\/v2\/product_cat?post=657"},{"taxonomy":"product_tag","embeddable":true,"href":"https:\/\/fliesendekor.com\/en\/wp-json\/wp\/v2\/product_tag?post=657"}],"curies":[{"name":"wp","href":"https:\/\/api.w.org\/{rel}","templated":true}]}}