{"id":1284,"date":"2026-02-05T20:31:47","date_gmt":"2026-02-05T19:31:47","guid":{"rendered":"https:\/\/fliesendekor.com\/?post_type=product&#038;p=1284"},"modified":"2026-02-05T21:11:57","modified_gmt":"2026-02-05T20:11:57","slug":"keraflex-maxi-c2te-s1-zero-ec-1-%d0%ba%d0%be%d0%bf%d0%b8%d1%80%d0%be%d0%b2%d0%b0%d1%82%d1%8c","status":"publish","type":"product","link":"https:\/\/fliesendekor.com\/en\/product\/keraflex-maxi-c2te-s1-zero-ec-1-%d0%ba%d0%be%d0%bf%d0%b8%d1%80%d0%be%d0%b2%d0%b0%d1%82%d1%8c\/","title":{"rendered":"MAPEI\u00ae ECO PRIM GRIP PLUS 5 kg"},"content":{"rendered":"<p class=\"product-title h2\">MAPEI ECO PRIM GRIP PLUS 5 kg geruchsarme Dispersions-Grundierung Grundierung von Wand und Bodenfl\u00e4chen im Innenbereich<\/p>\n<ul>\n<li>Dispersions-Grundierung f\u00fcr\u00a0<u>nicht saugende<\/u>\u00a0Untergr\u00fcnde im Innen- und Au\u00dfenbereich<\/li>\n<li>auf glatten Untergr\u00fcnden, f\u00fcr ausgezeichnete Haftvermittlung<\/li>\n<li>gef\u00fcllte Struktur, perfekte Verkrallung f\u00fcr nachfolgende Spachtelarbeiten<\/li>\n<\/ul>\n<p><strong>Anwendung:<\/strong><\/p>\n<ul>\n<li>zum Grundieren von z. B. Gussasphalt, Keramik, Naturstein, Terrazzo und Betonoberfl\u00e4chen<\/li>\n<li>perfekte Vorbereitung f\u00fcr Fliesenkleber und Spachtelmassen<\/li>\n<li>ersetzt als Haftbr\u00fccke das aufwendige Abquarzen der Fl\u00e4che auf MAPEI-Reaktionsharzgrundierungen, z. B. Eco Prim PU 1K Turbo oder Primer MF<strong>MAPEI<sup>\u00ae<\/sup>\u00a0ECO PRIM GRIP PLUS<\/strong>\u00a0&#8211; geruchsarme und gebrauchsfertige Dispersionshaftbr\u00fccke<strong>Anwendungsbeispiele:<\/strong>\n<ul>\n<li>Aufbringen von Putzen auf Untergr\u00fcnden aus Beton, Mauerwerk, etc.<\/li>\n<li>Aufbringen von Spachtelmassen auf bestehenden keramischen Bel\u00e4gen, Terrazzo oder Naturwerksteinen im Innenbereich.<\/li>\n<li>Als Haftbr\u00fccke f\u00fcr mineralische Spachtelmassen auf Untergr\u00fcnden, die mit Eco Prim PU 1K Turbo, Eco Prim PU 1K, Primer MF EC Plus oder Primer MF verfestigt oder abgesperrt, aber nicht mit Quarzsand abgestreut wurden.<\/li>\n<li>Verlegung von keramischen Fliesen und Naturwerksteinen auf bestehenden keramischen Bel\u00e4gen.<\/li>\n<\/ul>\n<p><strong>Technische Daten:<\/strong><\/p>\n<ul>\n<li>Verarbeitung: Streich- und Rollverfahren, z.B. mit Nylon-Pl\u00fcsch-\/Lammfell-Walze<\/li>\n<li>Trocknungszeit: 30-60 Minuten<\/li>\n<li>Farbe: grau<\/li>\n<li>GISCODE: D1<\/li>\n<li>EMICODE: EC1 Plus<\/li>\n<li>Blauer Engel: DE-UZ 113<\/li>\n<\/ul>\n<p><strong>Verbrauch:<\/strong><\/p>\n<ul>\n<li>200-300 g\/m\u00b2<\/li>\n<\/ul>\n<p><strong>Lagerung:<\/strong><\/p>\n<ul>\n<li>12 Monate<\/li>\n<\/ul>\n<p><strong>WICHTIGE HINWEISE:<\/strong><\/p>\n<ul>\n<li>Nur bei Temperaturen zwischen +5\u00b0C und +35\u00b0C verwenden.<\/li>\n<li>Nicht auf Untergr\u00fcnden mit aufsteigender Feuchtigkeit verwenden.<\/li>\n<li><strong>MAPEI ECO PRIM GRIP PLUS\u00a0<\/strong>ist gebrauchsfertig und darf nicht verd\u00fcnnt werden.<\/li>\n<\/ul>\n<\/li>\n<\/ul>\n","protected":false},"excerpt":{"rendered":"<p>MAPEI ECO PRIM GRIP PLUS 5 kg geruchsarme Dispersions-Grundierung Grundierung von Wand und Bodenfl\u00e4chen&#8230;<\/p>\n","protected":false},"featured_media":1289,"template":"","meta":{"inline_featured_image":false},"product_brand":[],"product_cat":[23],"product_tag":[],"class_list":{"0":"post-1284","1":"product","2":"type-product","3":"status-publish","4":"has-post-thumbnail","6":"product_cat-mapei-produkte","8":"first","9":"instock","10":"taxable","11":"shipping-taxable","12":"purchasable","13":"product-type-simple"},"acf":[],"yoast_head":"<!-- This site is optimized with the Yoast SEO plugin v26.6 - https:\/\/yoast.com\/wordpress\/plugins\/seo\/ -->\n<title>MAPEI\u00ae ECO PRIM GRIP PLUS 5 kg \u2013 Buy at Best Price | Vienna, Austria<\/title>\n<meta name=\"description\" content=\"Buy MAPEI\u00ae ECO PRIM GRIP PLUS 5 kg tiles at Fliesen &amp; Dekor in Vienna. Large assortment, high quality materials and professional consultation.\" \/>\n<meta name=\"robots\" content=\"index, follow, max-snippet:-1, max-image-preview:large, max-video-preview:-1\" \/>\n<link rel=\"canonical\" href=\"https:\/\/fliesendekor.com\/en\/wp-json\/wp\/v2\/product\/1284\" \/>\n<meta property=\"og:locale\" content=\"en_US\" \/>\n<meta property=\"og:type\" content=\"article\" \/>\n<meta property=\"og:title\" content=\"[:de] MAPEI\u00ae ECO PRIM GRIP PLUS 5 kg \u2013 zum besten Preis kaufen | Wien, \u00d6sterreich [:en] MAPEI\u00ae ECO PRIM GRIP PLUS 5 kg \u2013 Buy at Best Price | Vienna, Austria\" \/>\n<meta property=\"og:description\" content=\"[:de]Kaufen Sie MAPEI\u00ae ECO PRIM GRIP PLUS 5 kg Fliesen bei Fliesen &amp; Dekor in Wien. Gro\u00dfe Auswahl, hochwertige Materialien und professionelle Beratung. [:en]Buy MAPEI\u00ae ECO PRIM GRIP PLUS 5 kg tiles at Fliesen &amp; Dekor in Vienna. Large assortment, high quality materials and professional consultation.\" \/>\n<meta property=\"og:url\" content=\"https:\/\/fliesendekor.com\/product\/keraflex-maxi-c2te-s1-zero-ec-1-\u043a\u043e\u043f\u0438\u0440\u043e\u0432\u0430\u0442\u044c\/\" \/>\n<meta property=\"og:site_name\" content=\"Fliesen&amp;Dekor\" \/>\n<meta property=\"article:modified_time\" content=\"2026-02-05T20:11:57+00:00\" \/>\n<meta property=\"og:image\" content=\"https:\/\/fliesendekor.com\/wp-content\/uploads\/2026\/02\/mapei-eco-prim-grip-ec1-plus-geruchsarme-dispersions-grundierung-haftgrund-haftbruecke-von-wand-und-bodenflaechen-im-innenbereich3.webp\" \/>\n\t<meta property=\"og:image:width\" content=\"1500\" \/>\n\t<meta property=\"og:image:height\" content=\"1500\" \/>\n\t<meta property=\"og:image:type\" content=\"image\/webp\" \/>\n<meta name=\"twitter:card\" content=\"summary_large_image\" \/>\n<meta name=\"twitter:label1\" content=\"Est. reading time\" \/>\n\t<meta name=\"twitter:data1\" content=\"2 minutes\" \/>\n<script type=\"application\/ld+json\" class=\"yoast-schema-graph\">{\"@context\":\"https:\/\/schema.org\",\"@graph\":[{\"@type\":\"WebPage\",\"@id\":\"https:\/\/fliesendekor.com\/product\/keraflex-maxi-c2te-s1-zero-ec-1-%d0%ba%d0%be%d0%bf%d0%b8%d1%80%d0%be%d0%b2%d0%b0%d1%82%d1%8c\/\",\"url\":\"https:\/\/fliesendekor.com\/product\/keraflex-maxi-c2te-s1-zero-ec-1-%d0%ba%d0%be%d0%bf%d0%b8%d1%80%d0%be%d0%b2%d0%b0%d1%82%d1%8c\/\",\"name\":\"[:de] MAPEI\u00ae ECO PRIM GRIP PLUS 5 kg \u2013 zum besten Preis kaufen | Wien, \u00d6sterreich [:en] MAPEI\u00ae ECO PRIM GRIP PLUS 5 kg \u2013 Buy at Best Price | Vienna, Austria\",\"isPartOf\":{\"@id\":\"https:\/\/fliesendekor.com\/#website\"},\"primaryImageOfPage\":{\"@id\":\"https:\/\/fliesendekor.com\/product\/keraflex-maxi-c2te-s1-zero-ec-1-%d0%ba%d0%be%d0%bf%d0%b8%d1%80%d0%be%d0%b2%d0%b0%d1%82%d1%8c\/#primaryimage\"},\"image\":{\"@id\":\"https:\/\/fliesendekor.com\/product\/keraflex-maxi-c2te-s1-zero-ec-1-%d0%ba%d0%be%d0%bf%d0%b8%d1%80%d0%be%d0%b2%d0%b0%d1%82%d1%8c\/#primaryimage\"},\"thumbnailUrl\":\"https:\/\/fliesendekor.com\/wp-content\/uploads\/2026\/02\/mapei-eco-prim-grip-ec1-plus-geruchsarme-dispersions-grundierung-haftgrund-haftbruecke-von-wand-und-bodenflaechen-im-innenbereich3.webp\",\"datePublished\":\"2026-02-05T19:31:47+00:00\",\"dateModified\":\"2026-02-05T20:11:57+00:00\",\"description\":\"[:de]Kaufen Sie MAPEI\u00ae ECO PRIM GRIP PLUS 5 kg Fliesen bei Fliesen & Dekor in Wien. Gro\u00dfe Auswahl, hochwertige Materialien und professionelle Beratung. [:en]Buy MAPEI\u00ae ECO PRIM GRIP PLUS 5 kg tiles at Fliesen & Dekor in Vienna. Large assortment, high quality materials and professional consultation.\",\"breadcrumb\":{\"@id\":\"https:\/\/fliesendekor.com\/product\/keraflex-maxi-c2te-s1-zero-ec-1-%d0%ba%d0%be%d0%bf%d0%b8%d1%80%d0%be%d0%b2%d0%b0%d1%82%d1%8c\/#breadcrumb\"},\"inLanguage\":\"en-US\",\"potentialAction\":[{\"@type\":\"ReadAction\",\"target\":[\"https:\/\/fliesendekor.com\/product\/keraflex-maxi-c2te-s1-zero-ec-1-%d0%ba%d0%be%d0%bf%d0%b8%d1%80%d0%be%d0%b2%d0%b0%d1%82%d1%8c\/\"]}]},{\"@type\":\"ImageObject\",\"inLanguage\":\"en-US\",\"@id\":\"https:\/\/fliesendekor.com\/product\/keraflex-maxi-c2te-s1-zero-ec-1-%d0%ba%d0%be%d0%bf%d0%b8%d1%80%d0%be%d0%b2%d0%b0%d1%82%d1%8c\/#primaryimage\",\"url\":\"https:\/\/fliesendekor.com\/wp-content\/uploads\/2026\/02\/mapei-eco-prim-grip-ec1-plus-geruchsarme-dispersions-grundierung-haftgrund-haftbruecke-von-wand-und-bodenflaechen-im-innenbereich3.webp\",\"contentUrl\":\"https:\/\/fliesendekor.com\/wp-content\/uploads\/2026\/02\/mapei-eco-prim-grip-ec1-plus-geruchsarme-dispersions-grundierung-haftgrund-haftbruecke-von-wand-und-bodenflaechen-im-innenbereich3.webp\",\"width\":1500,\"height\":1500},{\"@type\":\"BreadcrumbList\",\"@id\":\"https:\/\/fliesendekor.com\/product\/keraflex-maxi-c2te-s1-zero-ec-1-%d0%ba%d0%be%d0%bf%d0%b8%d1%80%d0%be%d0%b2%d0%b0%d1%82%d1%8c\/#breadcrumb\",\"itemListElement\":[{\"@type\":\"ListItem\",\"position\":1,\"name\":\"Home\",\"item\":\"https:\/\/fliesendekor.com\/\"},{\"@type\":\"ListItem\",\"position\":2,\"name\":\"Shop\",\"item\":\"https:\/\/fliesendekor.com\/shop\/\"},{\"@type\":\"ListItem\",\"position\":3,\"name\":\"MAPEI\u00ae ECO PRIM GRIP PLUS 5 kg\"}]},{\"@type\":\"WebSite\",\"@id\":\"https:\/\/fliesendekor.com\/#website\",\"url\":\"https:\/\/fliesendekor.com\/\",\"name\":\"Fliesen&amp;Dekor\",\"description\":\"\",\"potentialAction\":[{\"@type\":\"SearchAction\",\"target\":{\"@type\":\"EntryPoint\",\"urlTemplate\":\"https:\/\/fliesendekor.com\/?s={search_term_string}\"},\"query-input\":{\"@type\":\"PropertyValueSpecification\",\"valueRequired\":true,\"valueName\":\"search_term_string\"}}],\"inLanguage\":\"en-US\"}]}<\/script>\n<!-- \/ Yoast SEO plugin. -->","yoast_head_json":{"title":"MAPEI\u00ae ECO PRIM GRIP PLUS 5 kg \u2013 Buy at Best Price | Vienna, Austria","description":"Buy MAPEI\u00ae ECO PRIM GRIP PLUS 5 kg tiles at Fliesen & Dekor in Vienna. Large assortment, high quality materials and professional consultation.","robots":{"index":"index","follow":"follow","max-snippet":"max-snippet:-1","max-image-preview":"max-image-preview:large","max-video-preview":"max-video-preview:-1"},"canonical":"https:\/\/fliesendekor.com\/en\/wp-json\/wp\/v2\/product\/1284","og_locale":"en_US","og_type":"article","og_title":"[:de] MAPEI\u00ae ECO PRIM GRIP PLUS 5 kg \u2013 zum besten Preis kaufen | Wien, \u00d6sterreich [:en] MAPEI\u00ae ECO PRIM GRIP PLUS 5 kg \u2013 Buy at Best Price | Vienna, Austria","og_description":"[:de]Kaufen Sie MAPEI\u00ae ECO PRIM GRIP PLUS 5 kg Fliesen bei Fliesen & Dekor in Wien. Gro\u00dfe Auswahl, hochwertige Materialien und professionelle Beratung. [:en]Buy MAPEI\u00ae ECO PRIM GRIP PLUS 5 kg tiles at Fliesen & Dekor in Vienna. Large assortment, high quality materials and professional consultation.","og_url":"https:\/\/fliesendekor.com\/product\/keraflex-maxi-c2te-s1-zero-ec-1-\u043a\u043e\u043f\u0438\u0440\u043e\u0432\u0430\u0442\u044c\/","og_site_name":"Fliesen&amp;Dekor","article_modified_time":"2026-02-05T20:11:57+00:00","og_image":[{"width":1500,"height":1500,"url":"https:\/\/fliesendekor.com\/wp-content\/uploads\/2026\/02\/mapei-eco-prim-grip-ec1-plus-geruchsarme-dispersions-grundierung-haftgrund-haftbruecke-von-wand-und-bodenflaechen-im-innenbereich3.webp","type":"image\/webp"}],"twitter_card":"summary_large_image","twitter_misc":{"Est. reading time":"2 minutes"},"schema":{"@context":"https:\/\/schema.org","@graph":[{"@type":"WebPage","@id":"https:\/\/fliesendekor.com\/product\/keraflex-maxi-c2te-s1-zero-ec-1-%d0%ba%d0%be%d0%bf%d0%b8%d1%80%d0%be%d0%b2%d0%b0%d1%82%d1%8c\/","url":"https:\/\/fliesendekor.com\/product\/keraflex-maxi-c2te-s1-zero-ec-1-%d0%ba%d0%be%d0%bf%d0%b8%d1%80%d0%be%d0%b2%d0%b0%d1%82%d1%8c\/","name":"[:de] MAPEI\u00ae ECO PRIM GRIP PLUS 5 kg \u2013 zum besten Preis kaufen | Wien, \u00d6sterreich [:en] MAPEI\u00ae ECO PRIM GRIP PLUS 5 kg \u2013 Buy at Best Price | Vienna, Austria","isPartOf":{"@id":"https:\/\/fliesendekor.com\/#website"},"primaryImageOfPage":{"@id":"https:\/\/fliesendekor.com\/product\/keraflex-maxi-c2te-s1-zero-ec-1-%d0%ba%d0%be%d0%bf%d0%b8%d1%80%d0%be%d0%b2%d0%b0%d1%82%d1%8c\/#primaryimage"},"image":{"@id":"https:\/\/fliesendekor.com\/product\/keraflex-maxi-c2te-s1-zero-ec-1-%d0%ba%d0%be%d0%bf%d0%b8%d1%80%d0%be%d0%b2%d0%b0%d1%82%d1%8c\/#primaryimage"},"thumbnailUrl":"https:\/\/fliesendekor.com\/wp-content\/uploads\/2026\/02\/mapei-eco-prim-grip-ec1-plus-geruchsarme-dispersions-grundierung-haftgrund-haftbruecke-von-wand-und-bodenflaechen-im-innenbereich3.webp","datePublished":"2026-02-05T19:31:47+00:00","dateModified":"2026-02-05T20:11:57+00:00","description":"[:de]Kaufen Sie MAPEI\u00ae ECO PRIM GRIP PLUS 5 kg Fliesen bei Fliesen & Dekor in Wien. Gro\u00dfe Auswahl, hochwertige Materialien und professionelle Beratung. [:en]Buy MAPEI\u00ae ECO PRIM GRIP PLUS 5 kg tiles at Fliesen & Dekor in Vienna. Large assortment, high quality materials and professional consultation.","breadcrumb":{"@id":"https:\/\/fliesendekor.com\/product\/keraflex-maxi-c2te-s1-zero-ec-1-%d0%ba%d0%be%d0%bf%d0%b8%d1%80%d0%be%d0%b2%d0%b0%d1%82%d1%8c\/#breadcrumb"},"inLanguage":"en-US","potentialAction":[{"@type":"ReadAction","target":["https:\/\/fliesendekor.com\/product\/keraflex-maxi-c2te-s1-zero-ec-1-%d0%ba%d0%be%d0%bf%d0%b8%d1%80%d0%be%d0%b2%d0%b0%d1%82%d1%8c\/"]}]},{"@type":"ImageObject","inLanguage":"en-US","@id":"https:\/\/fliesendekor.com\/product\/keraflex-maxi-c2te-s1-zero-ec-1-%d0%ba%d0%be%d0%bf%d0%b8%d1%80%d0%be%d0%b2%d0%b0%d1%82%d1%8c\/#primaryimage","url":"https:\/\/fliesendekor.com\/wp-content\/uploads\/2026\/02\/mapei-eco-prim-grip-ec1-plus-geruchsarme-dispersions-grundierung-haftgrund-haftbruecke-von-wand-und-bodenflaechen-im-innenbereich3.webp","contentUrl":"https:\/\/fliesendekor.com\/wp-content\/uploads\/2026\/02\/mapei-eco-prim-grip-ec1-plus-geruchsarme-dispersions-grundierung-haftgrund-haftbruecke-von-wand-und-bodenflaechen-im-innenbereich3.webp","width":1500,"height":1500},{"@type":"BreadcrumbList","@id":"https:\/\/fliesendekor.com\/product\/keraflex-maxi-c2te-s1-zero-ec-1-%d0%ba%d0%be%d0%bf%d0%b8%d1%80%d0%be%d0%b2%d0%b0%d1%82%d1%8c\/#breadcrumb","itemListElement":[{"@type":"ListItem","position":1,"name":"Home","item":"https:\/\/fliesendekor.com\/"},{"@type":"ListItem","position":2,"name":"Shop","item":"https:\/\/fliesendekor.com\/shop\/"},{"@type":"ListItem","position":3,"name":"MAPEI\u00ae ECO PRIM GRIP PLUS 5 kg"}]},{"@type":"WebSite","@id":"https:\/\/fliesendekor.com\/#website","url":"https:\/\/fliesendekor.com\/","name":"Fliesen&amp;Dekor","description":"","potentialAction":[{"@type":"SearchAction","target":{"@type":"EntryPoint","urlTemplate":"https:\/\/fliesendekor.com\/?s={search_term_string}"},"query-input":{"@type":"PropertyValueSpecification","valueRequired":true,"valueName":"search_term_string"}}],"inLanguage":"en-US"}]}},"_links":{"self":[{"href":"https:\/\/fliesendekor.com\/en\/wp-json\/wp\/v2\/product\/1284","targetHints":{"allow":["GET"]}}],"collection":[{"href":"https:\/\/fliesendekor.com\/en\/wp-json\/wp\/v2\/product"}],"about":[{"href":"https:\/\/fliesendekor.com\/en\/wp-json\/wp\/v2\/types\/product"}],"wp:featuredmedia":[{"embeddable":true,"href":"https:\/\/fliesendekor.com\/en\/wp-json\/wp\/v2\/media\/1289"}],"wp:attachment":[{"href":"https:\/\/fliesendekor.com\/en\/wp-json\/wp\/v2\/media?parent=1284"}],"wp:term":[{"taxonomy":"product_brand","embeddable":true,"href":"https:\/\/fliesendekor.com\/en\/wp-json\/wp\/v2\/product_brand?post=1284"},{"taxonomy":"product_cat","embeddable":true,"href":"https:\/\/fliesendekor.com\/en\/wp-json\/wp\/v2\/product_cat?post=1284"},{"taxonomy":"product_tag","embeddable":true,"href":"https:\/\/fliesendekor.com\/en\/wp-json\/wp\/v2\/product_tag?post=1284"}],"curies":[{"name":"wp","href":"https:\/\/api.w.org\/{rel}","templated":true}]}}