{"id":2,"date":"2025-11-17T12:59:43","date_gmt":"2025-11-17T11:59:43","guid":{"rendered":"https:\/\/fliesendekor.com\/?page_id=2"},"modified":"2026-02-18T09:49:39","modified_gmt":"2026-02-18T08:49:39","slug":"startseite","status":"publish","type":"page","link":"https:\/\/fliesendekor.com\/en\/","title":{"rendered":"Home page"},"content":{"rendered":"<p><\/p>\n<h1 data-start=\"253\" data-end=\"338\">Specialist retailer for tiles, SPC &amp; installation chemicals in Vienna, Austria<\/h1>\n<p data-start=\"189\" data-end=\"415\">Your specialist retailer for flooring and SPC floor coverings, complemented by professional installation chemicals.<br data-start=\"304\" data-end=\"307\" \/>We offer high-quality materials as well as expert product consultation for private and commercial customers.<\/p>\n<h2 data-start=\"422\" data-end=\"470\">Large Selection &amp; Immediate Availability<\/h2>\n<p data-start=\"472\" data-end=\"785\">More than 100 items available immediately \u2013 modern in design, high-quality in surface finish and authentic in texture.<br data-start=\"594\" data-end=\"597\" \/>Ideal for living areas, kitchens, bathrooms, offices and commercial applications.<br data-start=\"678\" data-end=\"681\" \/>Thanks to our large warehouse stock in Vienna, projects can be completed without long waiting times.<\/p>\n<h3 data-start=\"792\" data-end=\"843\">Pick-up Store in Vienna \u2013 Fast &amp; Convenient<\/h3>\n<p data-start=\"845\" data-end=\"971\">At our pick-up store in Vienna (1220), you have the opportunity to view products in person and take them with you immediately.<\/p>\n<p data-start=\"973\" data-end=\"994\">You benefit from:<\/p>\n<ul data-start=\"995\" data-end=\"1109\">\n<li data-start=\"995\" data-end=\"1027\">\n<p data-start=\"997\" data-end=\"1027\">fast availability from stock<\/p>\n<\/li>\n<li data-start=\"1028\" data-end=\"1056\">\n<p data-start=\"1030\" data-end=\"1056\">fair, competitive prices<\/p>\n<\/li>\n<li data-start=\"1057\" data-end=\"1109\">\n<p data-start=\"1059\" data-end=\"1109\">professional advice from experienced specialists<\/p>\n<\/li>\n<\/ul>\n<h3 data-start=\"1116\" data-end=\"1183\">Everything from One Source \u2013 Materials &amp; Tiling Accessories<\/h3>\n<p data-start=\"1185\" data-end=\"1511\">In addition to flooring, we also offer MAPEI products for professional installation.<br data-start=\"1273\" data-end=\"1276\" \/>These include adhesives and installation chemicals that are perfectly coordinated to ensure durable, high-quality results.<br data-start=\"1398\" data-end=\"1401\" \/>This saves you time, prevents incorrect purchases and allows you to obtain all materials from a single source.<\/p>\n<h3 data-start=\"1518\" data-end=\"1568\">Why Choose Our Specialist Store in Vienna?<\/h3>\n<ul>\n<li data-start=\"1570\" data-end=\"1713\">large local stock<\/li>\n<li data-start=\"1570\" data-end=\"1713\">low prices with high quality<\/li>\n<li data-start=\"1570\" data-end=\"1713\">personal service &amp; expert consultation<\/li>\n<li data-start=\"1570\" data-end=\"1713\">ideal for private and commercial projects<\/li>\n<\/ul>\n<h3 data-start=\"1720\" data-end=\"1740\">Our Location<\/h3>\n<p data-start=\"1742\" data-end=\"1860\">\ud83d\udccd Dassanowskyweg 14A, 1220 Vienna, Austria<br data-start=\"1789\" data-end=\"1792\" \/>Easily accessible \u2013 ideal for self-pickup and personal consultation.<\/p>\n<p><\/p>","protected":false},"excerpt":{"rendered":"<p>Specialist retailer for tiles, SPC &amp; installation chemicals in Vienna, Austria Your specialist retailer&#8230;<\/p>\n","protected":false},"author":1,"featured_media":0,"parent":0,"menu_order":0,"comment_status":"closed","ping_status":"open","template":"","meta":{"inline_featured_image":false,"footnotes":""},"class_list":["post-2","page","type-page","status-publish","hentry"],"acf":[],"yoast_head":"<!-- This site is optimized with the Yoast SEO plugin v26.6 - https:\/\/yoast.com\/wordpress\/plugins\/seo\/ -->\n<title>Store for flooring &amp; installation systems in Vienna, Austria<\/title>\n<meta name=\"description\" content=\"Professionelle Pflegehinweise f\u00fcr Feinsteinzeug. Tipps zur richtigen Reinigung, Fleckenentfernung und zum Schutz polierter Oberfl\u00e4chen. Beratung &amp; Pflegeprodukte in Wien [ :en]Professional care instructions for porcelain tiles. Tips for proper cleaning, stain removal and protection of polished surfaces. Expert advice &amp; care products in Vienna.\" \/>\n<meta name=\"robots\" content=\"index, follow, max-snippet:-1, max-image-preview:large, max-video-preview:-1\" \/>\n<link rel=\"canonical\" href=\"https:\/\/fliesendekor.com\/en\/wp-json\/wp\/v2\/pages\/2\" \/>\n<meta property=\"og:locale\" content=\"en_US\" \/>\n<meta property=\"og:type\" content=\"article\" \/>\n<meta property=\"og:title\" content=\"[:de]Gesch\u00e4ft f\u00fcr Bodenbel\u00e4ge &amp; Verlegesysteme in Wien, \u00d6sterreich[:en]Store for flooring &amp; installation systems in Vienna, Austria[:]\" \/>\n<meta property=\"og:description\" content=\"[:de]Professionelle Pflegehinweise f\u00fcr Feinsteinzeug. Tipps zur richtigen Reinigung, Fleckenentfernung und zum Schutz polierter Oberfl\u00e4chen. Beratung &amp; Pflegeprodukte in Wien [ :en]Professional care instructions for porcelain tiles. Tips for proper cleaning, stain removal and protection of polished surfaces. Expert advice &amp; care products in Vienna.[:]\" \/>\n<meta property=\"og:url\" content=\"https:\/\/fliesendekor.com\/\" \/>\n<meta property=\"og:site_name\" content=\"Fliesen&amp;Dekor\" \/>\n<meta property=\"article:modified_time\" content=\"2026-02-18T08:49:39+00:00\" \/>\n<meta name=\"twitter:card\" content=\"summary_large_image\" \/>\n<meta name=\"twitter:label1\" content=\"Est. reading time\" \/>\n\t<meta name=\"twitter:data1\" content=\"2 minutes\" \/>\n<script type=\"application\/ld+json\" class=\"yoast-schema-graph\">{\"@context\":\"https:\/\/schema.org\",\"@graph\":[{\"@type\":\"WebPage\",\"@id\":\"https:\/\/fliesendekor.com\/\",\"url\":\"https:\/\/fliesendekor.com\/\",\"name\":\"[:de]Gesch\u00e4ft f\u00fcr Bodenbel\u00e4ge & Verlegesysteme in Wien, \u00d6sterreich[:en]Store for flooring & installation systems in Vienna, Austria[:]\",\"isPartOf\":{\"@id\":\"https:\/\/fliesendekor.com\/#website\"},\"datePublished\":\"2025-11-17T11:59:43+00:00\",\"dateModified\":\"2026-02-18T08:49:39+00:00\",\"description\":\"[:de]Professionelle Pflegehinweise f\u00fcr Feinsteinzeug. Tipps zur richtigen Reinigung, Fleckenentfernung und zum Schutz polierter Oberfl\u00e4chen. Beratung & Pflegeprodukte in Wien [ :en]Professional care instructions for porcelain tiles. Tips for proper cleaning, stain removal and protection of polished surfaces. Expert advice & care products in Vienna.[:]\",\"breadcrumb\":{\"@id\":\"https:\/\/fliesendekor.com\/#breadcrumb\"},\"inLanguage\":\"en-US\",\"potentialAction\":[{\"@type\":\"ReadAction\",\"target\":[\"https:\/\/fliesendekor.com\/\"]}]},{\"@type\":\"BreadcrumbList\",\"@id\":\"https:\/\/fliesendekor.com\/#breadcrumb\",\"itemListElement\":[{\"@type\":\"ListItem\",\"position\":1,\"name\":\"Home\",\"item\":\"https:\/\/fliesendekor.com\/\"},{\"@type\":\"ListItem\",\"position\":2,\"name\":\"Startseite\"}]},{\"@type\":\"WebSite\",\"@id\":\"https:\/\/fliesendekor.com\/#website\",\"url\":\"https:\/\/fliesendekor.com\/\",\"name\":\"Fliesen&amp;Dekor\",\"description\":\"\",\"potentialAction\":[{\"@type\":\"SearchAction\",\"target\":{\"@type\":\"EntryPoint\",\"urlTemplate\":\"https:\/\/fliesendekor.com\/?s={search_term_string}\"},\"query-input\":{\"@type\":\"PropertyValueSpecification\",\"valueRequired\":true,\"valueName\":\"search_term_string\"}}],\"inLanguage\":\"en-US\"}]}<\/script>\n<!-- \/ Yoast SEO plugin. -->","yoast_head_json":{"title":"Store for flooring & installation systems in Vienna, Austria","description":"Professionelle Pflegehinweise f\u00fcr Feinsteinzeug. Tipps zur richtigen Reinigung, Fleckenentfernung und zum Schutz polierter Oberfl\u00e4chen. Beratung & Pflegeprodukte in Wien [ :en]Professional care instructions for porcelain tiles. Tips for proper cleaning, stain removal and protection of polished surfaces. Expert advice & care products in Vienna.","robots":{"index":"index","follow":"follow","max-snippet":"max-snippet:-1","max-image-preview":"max-image-preview:large","max-video-preview":"max-video-preview:-1"},"canonical":"https:\/\/fliesendekor.com\/en\/wp-json\/wp\/v2\/pages\/2","og_locale":"en_US","og_type":"article","og_title":"[:de]Gesch\u00e4ft f\u00fcr Bodenbel\u00e4ge & Verlegesysteme in Wien, \u00d6sterreich[:en]Store for flooring & installation systems in Vienna, Austria[:]","og_description":"[:de]Professionelle Pflegehinweise f\u00fcr Feinsteinzeug. Tipps zur richtigen Reinigung, Fleckenentfernung und zum Schutz polierter Oberfl\u00e4chen. Beratung & Pflegeprodukte in Wien [ :en]Professional care instructions for porcelain tiles. Tips for proper cleaning, stain removal and protection of polished surfaces. Expert advice & care products in Vienna.[:]","og_url":"https:\/\/fliesendekor.com\/","og_site_name":"Fliesen&amp;Dekor","article_modified_time":"2026-02-18T08:49:39+00:00","twitter_card":"summary_large_image","twitter_misc":{"Est. reading time":"2 minutes"},"schema":{"@context":"https:\/\/schema.org","@graph":[{"@type":"WebPage","@id":"https:\/\/fliesendekor.com\/","url":"https:\/\/fliesendekor.com\/","name":"[:de]Gesch\u00e4ft f\u00fcr Bodenbel\u00e4ge & Verlegesysteme in Wien, \u00d6sterreich[:en]Store for flooring & installation systems in Vienna, Austria[:]","isPartOf":{"@id":"https:\/\/fliesendekor.com\/#website"},"datePublished":"2025-11-17T11:59:43+00:00","dateModified":"2026-02-18T08:49:39+00:00","description":"[:de]Professionelle Pflegehinweise f\u00fcr Feinsteinzeug. Tipps zur richtigen Reinigung, Fleckenentfernung und zum Schutz polierter Oberfl\u00e4chen. Beratung & Pflegeprodukte in Wien [ :en]Professional care instructions for porcelain tiles. Tips for proper cleaning, stain removal and protection of polished surfaces. Expert advice & care products in Vienna.[:]","breadcrumb":{"@id":"https:\/\/fliesendekor.com\/#breadcrumb"},"inLanguage":"en-US","potentialAction":[{"@type":"ReadAction","target":["https:\/\/fliesendekor.com\/"]}]},{"@type":"BreadcrumbList","@id":"https:\/\/fliesendekor.com\/#breadcrumb","itemListElement":[{"@type":"ListItem","position":1,"name":"Home","item":"https:\/\/fliesendekor.com\/"},{"@type":"ListItem","position":2,"name":"Startseite"}]},{"@type":"WebSite","@id":"https:\/\/fliesendekor.com\/#website","url":"https:\/\/fliesendekor.com\/","name":"Fliesen&amp;Dekor","description":"","potentialAction":[{"@type":"SearchAction","target":{"@type":"EntryPoint","urlTemplate":"https:\/\/fliesendekor.com\/?s={search_term_string}"},"query-input":{"@type":"PropertyValueSpecification","valueRequired":true,"valueName":"search_term_string"}}],"inLanguage":"en-US"}]}},"_links":{"self":[{"href":"https:\/\/fliesendekor.com\/en\/wp-json\/wp\/v2\/pages\/2","targetHints":{"allow":["GET"]}}],"collection":[{"href":"https:\/\/fliesendekor.com\/en\/wp-json\/wp\/v2\/pages"}],"about":[{"href":"https:\/\/fliesendekor.com\/en\/wp-json\/wp\/v2\/types\/page"}],"author":[{"embeddable":true,"href":"https:\/\/fliesendekor.com\/en\/wp-json\/wp\/v2\/users\/1"}],"replies":[{"embeddable":true,"href":"https:\/\/fliesendekor.com\/en\/wp-json\/wp\/v2\/comments?post=2"}],"version-history":[{"count":59,"href":"https:\/\/fliesendekor.com\/en\/wp-json\/wp\/v2\/pages\/2\/revisions"}],"predecessor-version":[{"id":1319,"href":"https:\/\/fliesendekor.com\/en\/wp-json\/wp\/v2\/pages\/2\/revisions\/1319"}],"wp:attachment":[{"href":"https:\/\/fliesendekor.com\/en\/wp-json\/wp\/v2\/media?parent=2"}],"curies":[{"name":"wp","href":"https:\/\/api.w.org\/{rel}","templated":true}]}}